{"id":643,"date":"2023-05-31T09:43:06","date_gmt":"2023-05-31T08:43:06","guid":{"rendered":"https:\/\/pickapoint.pt\/?page_id=643"},"modified":"2023-06-02T09:36:54","modified_gmt":"2023-06-02T08:36:54","slug":"oportunidades","status":"publish","type":"page","link":"https:\/\/pickapoint.pt\/en\/opportunities\/","title":{"rendered":"Opportunities"},"content":{"rendered":"<p><div class=\"fusion-fullwidth fullwidth-box fusion-builder-row-1 fusion-flex-container has-pattern-background has-mask-background nonhundred-percent-fullwidth non-hundred-percent-height-scrolling fusion-custom-z-index\" style=\"--awb-border-radius-top-left:0px;--awb-border-radius-top-right:0px;--awb-border-radius-bottom-right:0px;--awb-border-radius-bottom-left:0px;--awb-z-index:0;--awb-padding-top:100px;--awb-padding-right:100px;--awb-padding-bottom:50px;--awb-padding-left:100px;--awb-padding-top-medium:50px;--awb-padding-right-medium:70px;--awb-padding-bottom-medium:70px;--awb-padding-left-medium:50px;--awb-padding-top-small:30px;--awb-padding-right-small:70px;--awb-padding-bottom-small:70px;--awb-padding-left-small:30px;--awb-margin-top:0px;--awb-margin-bottom:0px;--awb-margin-top-medium:0px;--awb-margin-bottom-medium:0px;--awb-margin-top-small:0px;--awb-margin-bottom-small:0px;\" ><div class=\"fusion-builder-row fusion-row fusion-flex-align-items-flex-start\" style=\"max-width:1248px;margin-left: calc(-4% \/ 2 );margin-right: calc(-4% \/ 2 );\"><div class=\"fusion-layout-column fusion_builder_column fusion-builder-column-0 fusion_builder_column_1_1 1_1 fusion-flex-column\" style=\"--awb-padding-top-medium:0px;--awb-padding-right-medium:0px;--awb-padding-bottom-medium:0px;--awb-padding-left-medium:0px;--awb-padding-top-small:0px;--awb-padding-right-small:0px;--awb-padding-bottom-small:0px;--awb-padding-left-small:0px;--awb-bg-size:cover;--awb-width-large:100%;--awb-margin-top-large:0px;--awb-spacing-right-large:0px;--awb-margin-bottom-large:0px;--awb-spacing-left-large:0px;--awb-width-medium:100%;--awb-order-medium:0;--awb-margin-top-medium:0px;--awb-spacing-right-medium:22px;--awb-margin-bottom-medium:0px;--awb-spacing-left-medium:22px;--awb-width-small:100%;--awb-order-small:0;--awb-margin-top-small:0px;--awb-spacing-right-small:16px;--awb-margin-bottom-small:0px;--awb-spacing-left-small:16px;\" data-motion-effects=\"[{&quot;type&quot;:&quot;&quot;,&quot;scroll_type&quot;:&quot;transition&quot;,&quot;scroll_direction&quot;:&quot;up&quot;,&quot;transition_speed&quot;:&quot;1&quot;,&quot;fade_type&quot;:&quot;in&quot;,&quot;scale_type&quot;:&quot;up&quot;,&quot;initial_scale&quot;:&quot;1&quot;,&quot;max_scale&quot;:&quot;1.5&quot;,&quot;min_scale&quot;:&quot;0.5&quot;,&quot;initial_rotate&quot;:&quot;0&quot;,&quot;end_rotate&quot;:&quot;30&quot;,&quot;initial_blur&quot;:&quot;0&quot;,&quot;end_blur&quot;:&quot;3&quot;,&quot;start_element&quot;:&quot;top&quot;,&quot;start_viewport&quot;:&quot;bottom&quot;,&quot;end_element&quot;:&quot;bottom&quot;,&quot;end_viewport&quot;:&quot;top&quot;,&quot;mouse_effect&quot;:&quot;track&quot;,&quot;mouse_effect_direction&quot;:&quot;opposite&quot;,&quot;mouse_effect_speed&quot;:&quot;2&quot;,&quot;infinite_animation&quot;:&quot;float&quot;,&quot;infinite_animation_speed&quot;:&quot;2&quot;}]\" data-scroll-devices=\"small-visibility,medium-visibility,large-visibility\"><div class=\"fusion-column-wrapper fusion-column-has-shadow fusion-flex-justify-content-flex-start fusion-content-layout-column\"><div class=\"fusion-title title fusion-title-1 fusion-no-small-visibility fusion-no-medium-visibility fusion-sep-none fusion-title-text fusion-title-size-one\" style=\"--awb-text-color:var(--awb-color4);--awb-margin-top:0px;--awb-margin-bottom:0px;--awb-font-size:45px;\"><h1 class=\"title-heading-left\" style=\"font-family:&quot;Noto Sans JP&quot;;font-style:normal;font-weight:700;margin:0;font-size:1em;letter-spacing:0.1px;text-transform:var(--awb-typography4-text-transform);line-height:1.1;\">Career Opportunities<\/h1><\/div><div class=\"fusion-title title fusion-title-2 fusion-no-small-visibility fusion-no-large-visibility fusion-sep-none fusion-title-text fusion-title-size-one\" style=\"--awb-text-color:var(--awb-color4);--awb-margin-top:0px;--awb-margin-bottom:0px;--awb-font-size:40px;\"><h1 class=\"title-heading-left\" style=\"font-family:&quot;Noto Sans JP&quot;;font-style:normal;font-weight:700;margin:0;font-size:1em;letter-spacing:0.1px;text-transform:var(--awb-typography4-text-transform);line-height:1.1;\">Career Opportunities<\/h1><\/div><div class=\"fusion-title title fusion-title-3 fusion-no-medium-visibility fusion-no-large-visibility fusion-sep-none fusion-title-text fusion-title-size-one\" style=\"--awb-text-color:var(--awb-color4);--awb-margin-top:0px;--awb-margin-bottom:0px;--awb-font-size:35px;\"><h1 class=\"title-heading-left\" style=\"font-family:&quot;Noto Sans JP&quot;;font-style:normal;font-weight:700;margin:0;font-size:1em;letter-spacing:0.1px;text-transform:var(--awb-typography4-text-transform);line-height:1.3;\">Career Opportunities<\/h1><\/div><\/div><\/div><\/div><\/div><div class=\"fusion-fullwidth fullwidth-box fusion-builder-row-2 fusion-flex-container has-pattern-background has-mask-background nonhundred-percent-fullwidth non-hundred-percent-height-scrolling fusion-custom-z-index\" style=\"--awb-border-radius-top-left:0px;--awb-border-radius-top-right:0px;--awb-border-radius-bottom-right:0px;--awb-border-radius-bottom-left:0px;--awb-z-index:0;--awb-padding-top:50px;--awb-padding-right:100px;--awb-padding-bottom:100px;--awb-padding-left:100px;--awb-padding-top-medium:50px;--awb-padding-right-medium:70px;--awb-padding-bottom-medium:70px;--awb-padding-left-medium:50px;--awb-padding-top-small:30px;--awb-padding-right-small:70px;--awb-padding-bottom-small:70px;--awb-padding-left-small:30px;--awb-margin-top:0px;--awb-margin-bottom:0px;--awb-margin-top-medium:0px;--awb-margin-bottom-medium:0px;--awb-margin-top-small:0px;--awb-margin-bottom-small:0px;--awb-background-color:#fbfbfb;\" ><div class=\"fusion-builder-row fusion-row fusion-flex-align-items-flex-start\" style=\"max-width:1248px;margin-left: calc(-4% \/ 2 );margin-right: calc(-4% \/ 2 );\"><div class=\"fusion-layout-column fusion_builder_column fusion-builder-column-1 fusion_builder_column_4_5 4_5 fusion-flex-column\" style=\"--awb-padding-top-medium:0px;--awb-padding-right-medium:0px;--awb-padding-bottom-medium:0px;--awb-padding-left-medium:0px;--awb-padding-top-small:0px;--awb-padding-right-small:0px;--awb-padding-bottom-small:0px;--awb-padding-left-small:0px;--awb-bg-size:cover;--awb-width-large:80%;--awb-margin-top-large:0px;--awb-spacing-right-large:0px;--awb-margin-bottom-large:0px;--awb-spacing-left-large:0px;--awb-width-medium:100%;--awb-order-medium:0;--awb-margin-top-medium:0px;--awb-spacing-right-medium:22px;--awb-margin-bottom-medium:0px;--awb-spacing-left-medium:22px;--awb-width-small:100%;--awb-order-small:0;--awb-margin-top-small:0px;--awb-spacing-right-small:16px;--awb-margin-bottom-small:0px;--awb-spacing-left-small:16px;\" data-motion-effects=\"[{&quot;type&quot;:&quot;&quot;,&quot;scroll_type&quot;:&quot;transition&quot;,&quot;scroll_direction&quot;:&quot;up&quot;,&quot;transition_speed&quot;:&quot;1&quot;,&quot;fade_type&quot;:&quot;in&quot;,&quot;scale_type&quot;:&quot;up&quot;,&quot;initial_scale&quot;:&quot;1&quot;,&quot;max_scale&quot;:&quot;1.5&quot;,&quot;min_scale&quot;:&quot;0.5&quot;,&quot;initial_rotate&quot;:&quot;0&quot;,&quot;end_rotate&quot;:&quot;30&quot;,&quot;initial_blur&quot;:&quot;0&quot;,&quot;end_blur&quot;:&quot;3&quot;,&quot;start_element&quot;:&quot;top&quot;,&quot;start_viewport&quot;:&quot;bottom&quot;,&quot;end_element&quot;:&quot;bottom&quot;,&quot;end_viewport&quot;:&quot;top&quot;,&quot;mouse_effect&quot;:&quot;track&quot;,&quot;mouse_effect_direction&quot;:&quot;opposite&quot;,&quot;mouse_effect_speed&quot;:&quot;2&quot;,&quot;infinite_animation&quot;:&quot;float&quot;,&quot;infinite_animation_speed&quot;:&quot;2&quot;}]\" data-scroll-devices=\"small-visibility,medium-visibility,large-visibility\"><div class=\"fusion-column-wrapper fusion-column-has-shadow fusion-flex-justify-content-flex-start fusion-content-layout-column\"><div class=\"fusion-title title fusion-title-4 fusion-sep-none fusion-title-text fusion-title-size-one\" style=\"--awb-text-color:#242424;--awb-margin-top:0px;--awb-margin-bottom:0px;--awb-font-size:30px;\"><h1 class=\"title-heading-left\" style=\"font-family:&quot;Noto Sans JP&quot;;font-style:normal;font-weight:700;margin:0;font-size:1em;letter-spacing:0.1px;text-transform:var(--awb-typography4-text-transform);line-height:1.1;\">TVDE Driver<\/h1><\/div><div class=\"fusion-title title fusion-title-5 fusion-sep-none fusion-title-text fusion-title-size-one\" style=\"--awb-text-color:#242424;--awb-margin-top:30px;--awb-margin-bottom:0px;--awb-font-size:20px;\"><h1 class=\"title-heading-left\" style=\"font-family:&quot;Noto Sans JP&quot;;font-style:normal;font-weight:400;margin:0;font-size:1em;letter-spacing:0.1px;text-transform:var(--awb-typography4-text-transform);line-height:1.3;\">Pick a Point is a tourism agency with National Tourist Routes and complementary services with TVDE and Private Transport of Passengers, looking for certified drivers for the Almada area.<\/h1><\/div><div class=\"accordian fusion-accordian\" style=\"margin-top:30px;margin-bottom:0px;--awb-margin-top:30px;--awb-margin-bottom:0px;--awb-padding-top:0px;--awb-padding-right:0px;--awb-padding-bottom:0px;--awb-padding-left:0px;--awb-border-size:1px;--awb-icon-size:16px;--awb-content-font-size:17px;--awb-content-letter-spacing:0.1px;--awb-content-text-transform:none;--awb-content-line-height:1.1;--awb-icon-alignment:left;--awb-hover-color:#fbfbfb;--awb-border-color:var(--awb-color3);--awb-background-color:#fbfbfb;--awb-divider-color:var(--awb-color3);--awb-divider-hover-color:var(--awb-color3);--awb-icon-color:var(--awb-color1);--awb-title-color:#404040;--awb-content-color:#404040;--awb-icon-box-color:var(--awb-color4);--awb-toggle-hover-accent-color:var(--awb-color4);--awb-toggle-active-accent-color:var(--awb-color4);--awb-title-font-family:&quot;Noto Sans JP&quot;;--awb-title-font-weight:500;--awb-title-font-style:normal;--awb-title-font-size:22px;--awb-title-letter-spacing:0.1px;--awb-title-line-height:1.1;--awb-content-font-family:var(--awb-typography4-font-family);--awb-content-font-weight:var(--awb-typography4-font-weight);--awb-content-font-style:var(--awb-typography4-font-style);\"><div class=\"panel-group fusion-toggle-icon-boxed\" id=\"accordion-643-1\"><div class=\"fusion-panel panel-default panel-8a3856684e1a439d8 fusion-toggle-no-divider fusion-toggle-boxed-mode\"><div class=\"panel-heading\"><h3 class=\"panel-title toggle\" id=\"toggle_8a3856684e1a439d8\"><a aria-expanded=\"false\" aria-controls=\"8a3856684e1a439d8\" role=\"button\" data-toggle=\"collapse\" data-parent=\"#accordion-643-1\" data-target=\"#8a3856684e1a439d8\" href=\"#8a3856684e1a439d8\"><span class=\"fusion-toggle-icon-wrapper\" aria-hidden=\"true\"><i class=\"fa-fusion-box active-icon fa-minus fas\" aria-hidden=\"true\"><\/i><i class=\"fa-fusion-box inactive-icon fa-plus fas\" aria-hidden=\"true\"><\/i><\/span><span class=\"fusion-toggle-heading\">Functions<\/span><\/a><\/h3><\/div><div id=\"8a3856684e1a439d8\" class=\"panel-collapse collapse\" aria-labelledby=\"toggle_8a3856684e1a439d8\"><div class=\"panel-body toggle-content fusion-clearfix\">\n<ul>\n<li>Passenger Transportation;<\/li>\n<\/ul>\n<\/div><\/div><\/div><\/div><\/div><div class=\"accordian fusion-accordian\" style=\"margin-top:0px;margin-bottom:0px;--awb-margin-top:0px;--awb-margin-bottom:0px;--awb-padding-top:0px;--awb-padding-right:0px;--awb-padding-bottom:0px;--awb-padding-left:0px;--awb-border-size:1px;--awb-icon-size:16px;--awb-content-font-size:17px;--awb-content-letter-spacing:0.1px;--awb-content-text-transform:none;--awb-content-line-height:1.2;--awb-icon-alignment:left;--awb-hover-color:#fbfbfb;--awb-border-color:var(--awb-color3);--awb-background-color:#fbfbfb;--awb-divider-color:var(--awb-color3);--awb-divider-hover-color:var(--awb-color3);--awb-icon-color:var(--awb-color1);--awb-title-color:#404040;--awb-content-color:#404040;--awb-icon-box-color:var(--awb-color4);--awb-toggle-hover-accent-color:var(--awb-color4);--awb-toggle-active-accent-color:var(--awb-color4);--awb-title-font-family:&quot;Noto Sans JP&quot;;--awb-title-font-weight:500;--awb-title-font-style:normal;--awb-title-font-size:22px;--awb-title-letter-spacing:0.1px;--awb-title-line-height:1.1;--awb-content-font-family:var(--awb-typography4-font-family);--awb-content-font-weight:var(--awb-typography4-font-weight);--awb-content-font-style:var(--awb-typography4-font-style);\"><div class=\"panel-group fusion-toggle-icon-boxed\" id=\"accordion-643-2\"><div class=\"fusion-panel panel-default panel-b314e9b779b304b4e fusion-toggle-no-divider fusion-toggle-boxed-mode\"><div class=\"panel-heading\"><h3 class=\"panel-title toggle\" id=\"toggle_b314e9b779b304b4e\"><a aria-expanded=\"false\" aria-controls=\"b314e9b779b304b4e\" role=\"button\" data-toggle=\"collapse\" data-parent=\"#accordion-643-2\" data-target=\"#b314e9b779b304b4e\" href=\"#b314e9b779b304b4e\"><span class=\"fusion-toggle-icon-wrapper\" aria-hidden=\"true\"><i class=\"fa-fusion-box active-icon fa-minus fas\" aria-hidden=\"true\"><\/i><i class=\"fa-fusion-box inactive-icon fa-plus fas\" aria-hidden=\"true\"><\/i><\/span><span class=\"fusion-toggle-heading\">Profile<\/span><\/a><\/h3><\/div><div id=\"b314e9b779b304b4e\" class=\"panel-collapse collapse\" aria-labelledby=\"toggle_b314e9b779b304b4e\"><div class=\"panel-body toggle-content fusion-clearfix\">\n<ul>\n<li>Hardworking, punctual and responsible;<\/li>\n<li>Good time management;<\/li>\n<li>Strong communication and argumentation skills;<\/li>\n<li>Strong conflict management skills;<\/li>\n<li>Good capacity of self-control and management of moments with high pressure;<\/li>\n<li>Like to drive and contact with the public;<\/li>\n<\/ul>\n<\/div><\/div><\/div><\/div><\/div><div class=\"accordian fusion-accordian\" style=\"margin-top:0px;margin-bottom:0px;--awb-margin-top:0px;--awb-margin-bottom:0px;--awb-padding-top:0px;--awb-padding-right:0px;--awb-padding-bottom:0px;--awb-padding-left:0px;--awb-border-size:1px;--awb-icon-size:16px;--awb-content-font-size:17px;--awb-content-letter-spacing:0.1px;--awb-content-text-transform:none;--awb-content-line-height:1.2;--awb-icon-alignment:left;--awb-hover-color:#fbfbfb;--awb-border-color:var(--awb-color3);--awb-background-color:#fbfbfb;--awb-divider-color:var(--awb-color3);--awb-divider-hover-color:var(--awb-color3);--awb-icon-color:var(--awb-color1);--awb-title-color:#404040;--awb-content-color:#404040;--awb-icon-box-color:var(--awb-color4);--awb-toggle-hover-accent-color:var(--awb-color4);--awb-toggle-active-accent-color:var(--awb-color4);--awb-title-font-family:&quot;Noto Sans JP&quot;;--awb-title-font-weight:500;--awb-title-font-style:normal;--awb-title-font-size:22px;--awb-title-letter-spacing:0.1px;--awb-title-line-height:1.1;--awb-content-font-family:var(--awb-typography4-font-family);--awb-content-font-weight:var(--awb-typography4-font-weight);--awb-content-font-style:var(--awb-typography4-font-style);\"><div class=\"panel-group fusion-toggle-icon-boxed\" id=\"accordion-643-3\"><div class=\"fusion-panel panel-default panel-fb6d7d770569c2940 fusion-toggle-no-divider fusion-toggle-boxed-mode\"><div class=\"panel-heading\"><h3 class=\"panel-title toggle\" id=\"toggle_fb6d7d770569c2940\"><a aria-expanded=\"false\" aria-controls=\"fb6d7d770569c2940\" role=\"button\" data-toggle=\"collapse\" data-parent=\"#accordion-643-3\" data-target=\"#fb6d7d770569c2940\" href=\"#fb6d7d770569c2940\"><span class=\"fusion-toggle-icon-wrapper\" aria-hidden=\"true\"><i class=\"fa-fusion-box active-icon fa-minus fas\" aria-hidden=\"true\"><\/i><i class=\"fa-fusion-box inactive-icon fa-plus fas\" aria-hidden=\"true\"><\/i><\/span><span class=\"fusion-toggle-heading\">Requirements<\/span><\/a><\/h3><\/div><div id=\"fb6d7d770569c2940\" class=\"panel-collapse collapse\" aria-labelledby=\"toggle_fb6d7d770569c2940\"><div class=\"panel-body toggle-content fusion-clearfix\">\n<ul>\n<li>Valid driving license;<\/li>\n<li>Valid driver's license IMT or TAXI;<\/li>\n<li>Profile photo;<\/li>\n<li>Identification document;<\/li>\n<li>Criminal Record Certificate containing: \"Profession\/Activity Without Special Law - Law 37\/2015\"; job specification - \"TVDE Driver - IMT\"; click on \"Involves contact with minors\".<\/li>\n<li>Grant average daily billing agreed with Pick a Point.<\/li>\n<\/ul>\n<\/div><\/div><\/div><\/div><\/div><div class=\"accordian fusion-accordian\" style=\"margin-top:0px;margin-bottom:0px;--awb-margin-top:0px;--awb-margin-bottom:0px;--awb-padding-top:0px;--awb-padding-right:0px;--awb-padding-bottom:0px;--awb-padding-left:0px;--awb-border-size:1px;--awb-icon-size:16px;--awb-content-font-size:17px;--awb-content-letter-spacing:0.1px;--awb-content-text-transform:none;--awb-content-line-height:1.2;--awb-icon-alignment:left;--awb-hover-color:#fbfbfb;--awb-border-color:var(--awb-color3);--awb-background-color:#fbfbfb;--awb-divider-color:var(--awb-color3);--awb-divider-hover-color:var(--awb-color3);--awb-icon-color:var(--awb-color1);--awb-title-color:#404040;--awb-content-color:#404040;--awb-icon-box-color:var(--awb-color4);--awb-toggle-hover-accent-color:var(--awb-color4);--awb-toggle-active-accent-color:var(--awb-color4);--awb-title-font-family:&quot;Noto Sans JP&quot;;--awb-title-font-weight:500;--awb-title-font-style:normal;--awb-title-font-size:22px;--awb-title-letter-spacing:0.1px;--awb-title-line-height:1.1;--awb-content-font-family:var(--awb-typography4-font-family);--awb-content-font-weight:var(--awb-typography4-font-weight);--awb-content-font-style:var(--awb-typography4-font-style);\"><div class=\"panel-group fusion-toggle-icon-boxed\" id=\"accordion-643-4\"><div class=\"fusion-panel panel-default panel-c97f8fd1115b56e46 fusion-toggle-no-divider fusion-toggle-boxed-mode\"><div class=\"panel-heading\"><h3 class=\"panel-title toggle\" id=\"toggle_c97f8fd1115b56e46\"><a aria-expanded=\"false\" aria-controls=\"c97f8fd1115b56e46\" role=\"button\" data-toggle=\"collapse\" data-parent=\"#accordion-643-4\" data-target=\"#c97f8fd1115b56e46\" href=\"#c97f8fd1115b56e46\"><span class=\"fusion-toggle-icon-wrapper\" aria-hidden=\"true\"><i class=\"fa-fusion-box active-icon fa-minus fas\" aria-hidden=\"true\"><\/i><i class=\"fa-fusion-box inactive-icon fa-plus fas\" aria-hidden=\"true\"><\/i><\/span><span class=\"fusion-toggle-heading\">Conditions of service<\/span><\/a><\/h3><\/div><div id=\"c97f8fd1115b56e46\" class=\"panel-collapse collapse\" aria-labelledby=\"toggle_c97f8fd1115b56e46\"><div class=\"panel-body toggle-content fusion-clearfix\">\n<ul>\n<li>Vehicles available for 10 hours (daily), at the following times:\n<ul>\n<li>MONDAY TO SUNDAY (break days to be agreed with Pick a Point):<\/li>\n<li>MORNING: 06:00-17:00.<\/li>\n<\/ul>\n<\/li>\n<li>Vacations available for 8 hours (daily), at the following times:\n<ul>\n<li>MONDAY TO SUNDAY (break days to be agreed with Pick a Point):<\/li>\n<li>MORNING: 06:00-14:00 or NIGHT: 22:00-06:00.<\/li>\n<\/ul>\n<\/li>\n<li>Service Contract;<\/li>\n<li>Bonuses and tips paid at 100%;<\/li>\n<li>50% over invoicing.<\/li>\n<li>Mobile phone and company vehicle.<\/li>\n<\/ul>\n<\/div><\/div><\/div><\/div><\/div><div class=\"fusion-title title fusion-title-6 fusion-sep-none fusion-title-text fusion-title-size-one\" style=\"--awb-text-color:#242424;--awb-margin-bottom:0px;--awb-font-size:16px;\"><h1 class=\"title-heading-left\" style=\"font-family:&quot;Noto Sans JP&quot;;font-style:normal;font-weight:400;margin:0;font-size:1em;letter-spacing:0.1px;text-transform:var(--awb-typography4-text-transform);line-height:1.3;\">If you meet our requirements, and are interested in this offer, you should send your <strong>C.V and documents requested,<\/strong>to the email: <strong>recrutamento@pickapoint.pt<\/strong>\u00a0with the subject: <strong>Independent Driver.<\/strong><\/h1><\/div><\/div><\/div><\/div><\/div><\/p>","protected":false},"excerpt":{"rendered":"","protected":false},"author":1,"featured_media":0,"parent":0,"menu_order":0,"comment_status":"closed","ping_status":"closed","template":"100-width.php","meta":{"footnotes":""},"class_list":["post-643","page","type-page","status-publish","hentry"],"yoast_head":"<!-- This site is optimized with the Yoast SEO plugin v25.9 - https:\/\/yoast.com\/wordpress\/plugins\/seo\/ -->\n<title>Oportunidades - Pick a Point<\/title>\n<meta name=\"robots\" content=\"index, follow, max-snippet:-1, max-image-preview:large, max-video-preview:-1\" \/>\n<link rel=\"canonical\" href=\"https:\/\/pickapoint.pt\/en\/opportunities\/\" \/>\n<meta property=\"og:locale\" content=\"en_US\" \/>\n<meta property=\"og:type\" content=\"article\" \/>\n<meta property=\"og:title\" content=\"Qu\" \/>\n<meta property=\"og:description\" content=\"A Pick a Point est\u00e1 \u00e0 procura de um motorista certificado independente para integrar a sua equipa na zona de Almada. Se \u00e9 um apaixonado por viagens, gosta de conduzir e de contactar com o p\u00fablico, esta oportunidade \u00e9 para si.\" \/>\n<meta property=\"og:url\" content=\"https:\/\/pickapoint.pt\/en\/opportunities\/\" \/>\n<meta property=\"og:site_name\" content=\"Pick a Point\" \/>\n<meta property=\"article:modified_time\" content=\"2023-06-02T08:36:54+00:00\" \/>\n<meta property=\"og:image\" content=\"https:\/\/pickapoint.pt\/wp-content\/uploads\/2023\/05\/PickAPoint_Thumbnaills_Recrutamento_3.png\" \/>\n\t<meta property=\"og:image:width\" content=\"3308\" \/>\n\t<meta property=\"og:image:height\" content=\"1738\" \/>\n\t<meta property=\"og:image:type\" content=\"image\/png\" \/>\n<meta name=\"twitter:card\" content=\"summary_large_image\" \/>\n<meta name=\"twitter:label1\" content=\"Est. reading time\" \/>\n\t<meta name=\"twitter:data1\" content=\"6 minutes\" \/>\n<script type=\"application\/ld+json\" class=\"yoast-schema-graph\">{\"@context\":\"https:\/\/schema.org\",\"@graph\":[{\"@type\":\"WebPage\",\"@id\":\"https:\/\/pickapoint.pt\/oportunidades\/\",\"url\":\"https:\/\/pickapoint.pt\/oportunidades\/\",\"name\":\"Oportunidades - Pick a Point\",\"isPartOf\":{\"@id\":\"https:\/\/pickapoint.pt\/#website\"},\"datePublished\":\"2023-05-31T08:43:06+00:00\",\"dateModified\":\"2023-06-02T08:36:54+00:00\",\"breadcrumb\":{\"@id\":\"https:\/\/pickapoint.pt\/oportunidades\/#breadcrumb\"},\"inLanguage\":\"en-US\",\"potentialAction\":[{\"@type\":\"ReadAction\",\"target\":[\"https:\/\/pickapoint.pt\/oportunidades\/\"]}]},{\"@type\":\"BreadcrumbList\",\"@id\":\"https:\/\/pickapoint.pt\/oportunidades\/#breadcrumb\",\"itemListElement\":[{\"@type\":\"ListItem\",\"position\":1,\"name\":\"In\u00edcio\",\"item\":\"https:\/\/pickapoint.pt\/\"},{\"@type\":\"ListItem\",\"position\":2,\"name\":\"Oportunidades\"}]},{\"@type\":\"WebSite\",\"@id\":\"https:\/\/pickapoint.pt\/#website\",\"url\":\"https:\/\/pickapoint.pt\/\",\"name\":\"Pick a Point\",\"description\":\"Tours Personalizados\",\"publisher\":{\"@id\":\"https:\/\/pickapoint.pt\/#organization\"},\"potentialAction\":[{\"@type\":\"SearchAction\",\"target\":{\"@type\":\"EntryPoint\",\"urlTemplate\":\"https:\/\/pickapoint.pt\/?s={search_term_string}\"},\"query-input\":{\"@type\":\"PropertyValueSpecification\",\"valueRequired\":true,\"valueName\":\"search_term_string\"}}],\"inLanguage\":\"en-US\"},{\"@type\":\"Organization\",\"@id\":\"https:\/\/pickapoint.pt\/#organization\",\"name\":\"Pick a Point\",\"url\":\"https:\/\/pickapoint.pt\/\",\"logo\":{\"@type\":\"ImageObject\",\"inLanguage\":\"en-US\",\"@id\":\"https:\/\/pickapoint.pt\/#\/schema\/logo\/image\/\",\"url\":\"https:\/\/pickapoint.pt\/wp-content\/uploads\/2023\/05\/LOGO.png\",\"contentUrl\":\"https:\/\/pickapoint.pt\/wp-content\/uploads\/2023\/05\/LOGO.png\",\"width\":200,\"height\":152,\"caption\":\"Pick a Point\"},\"image\":{\"@id\":\"https:\/\/pickapoint.pt\/#\/schema\/logo\/image\/\"}}]}<\/script>\n<!-- \/ Yoast SEO plugin. -->","yoast_head_json":{"title":"Opportunities - Pick a Point","robots":{"index":"index","follow":"follow","max-snippet":"max-snippet:-1","max-image-preview":"max-image-preview:large","max-video-preview":"max-video-preview:-1"},"canonical":"https:\/\/pickapoint.pt\/en\/opportunities\/","og_locale":"en_US","og_type":"article","og_title":"Qu","og_description":"A Pick a Point est\u00e1 \u00e0 procura de um motorista certificado independente para integrar a sua equipa na zona de Almada. Se \u00e9 um apaixonado por viagens, gosta de conduzir e de contactar com o p\u00fablico, esta oportunidade \u00e9 para si.","og_url":"https:\/\/pickapoint.pt\/en\/opportunities\/","og_site_name":"Pick a Point","article_modified_time":"2023-06-02T08:36:54+00:00","og_image":[{"width":3308,"height":1738,"url":"https:\/\/pickapoint.pt\/wp-content\/uploads\/2023\/05\/PickAPoint_Thumbnaills_Recrutamento_3.png","type":"image\/png"}],"twitter_card":"summary_large_image","twitter_misc":{"Est. reading time":"6 minutes"},"schema":{"@context":"https:\/\/schema.org","@graph":[{"@type":"WebPage","@id":"https:\/\/pickapoint.pt\/oportunidades\/","url":"https:\/\/pickapoint.pt\/oportunidades\/","name":"Opportunities - Pick a Point","isPartOf":{"@id":"https:\/\/pickapoint.pt\/#website"},"datePublished":"2023-05-31T08:43:06+00:00","dateModified":"2023-06-02T08:36:54+00:00","breadcrumb":{"@id":"https:\/\/pickapoint.pt\/oportunidades\/#breadcrumb"},"inLanguage":"en-US","potentialAction":[{"@type":"ReadAction","target":["https:\/\/pickapoint.pt\/oportunidades\/"]}]},{"@type":"BreadcrumbList","@id":"https:\/\/pickapoint.pt\/oportunidades\/#breadcrumb","itemListElement":[{"@type":"ListItem","position":1,"name":"In\u00edcio","item":"https:\/\/pickapoint.pt\/"},{"@type":"ListItem","position":2,"name":"Oportunidades"}]},{"@type":"WebSite","@id":"https:\/\/pickapoint.pt\/#website","url":"https:\/\/pickapoint.pt\/","name":"Pick a Point","description":"Tours Personalizados","publisher":{"@id":"https:\/\/pickapoint.pt\/#organization"},"potentialAction":[{"@type":"SearchAction","target":{"@type":"EntryPoint","urlTemplate":"https:\/\/pickapoint.pt\/?s={search_term_string}"},"query-input":{"@type":"PropertyValueSpecification","valueRequired":true,"valueName":"search_term_string"}}],"inLanguage":"en-US"},{"@type":"Organization","@id":"https:\/\/pickapoint.pt\/#organization","name":"Pick a Point","url":"https:\/\/pickapoint.pt\/","logo":{"@type":"ImageObject","inLanguage":"en-US","@id":"https:\/\/pickapoint.pt\/#\/schema\/logo\/image\/","url":"https:\/\/pickapoint.pt\/wp-content\/uploads\/2023\/05\/LOGO.png","contentUrl":"https:\/\/pickapoint.pt\/wp-content\/uploads\/2023\/05\/LOGO.png","width":200,"height":152,"caption":"Pick a Point"},"image":{"@id":"https:\/\/pickapoint.pt\/#\/schema\/logo\/image\/"}}]}},"jetpack_sharing_enabled":true,"_links":{"self":[{"href":"https:\/\/pickapoint.pt\/en\/wp-json\/wp\/v2\/pages\/643","targetHints":{"allow":["GET"]}}],"collection":[{"href":"https:\/\/pickapoint.pt\/en\/wp-json\/wp\/v2\/pages"}],"about":[{"href":"https:\/\/pickapoint.pt\/en\/wp-json\/wp\/v2\/types\/page"}],"author":[{"embeddable":true,"href":"https:\/\/pickapoint.pt\/en\/wp-json\/wp\/v2\/users\/1"}],"replies":[{"embeddable":true,"href":"https:\/\/pickapoint.pt\/en\/wp-json\/wp\/v2\/comments?post=643"}],"version-history":[{"count":19,"href":"https:\/\/pickapoint.pt\/en\/wp-json\/wp\/v2\/pages\/643\/revisions"}],"predecessor-version":[{"id":733,"href":"https:\/\/pickapoint.pt\/en\/wp-json\/wp\/v2\/pages\/643\/revisions\/733"}],"wp:attachment":[{"href":"https:\/\/pickapoint.pt\/en\/wp-json\/wp\/v2\/media?parent=643"}],"curies":[{"name":"wp","href":"https:\/\/api.w.org\/{rel}","templated":true}]}}